{"id":2,"date":"2016-04-12T18:16:18","date_gmt":"2016-04-12T18:16:18","guid":{"rendered":"http:\/\/linalou.ch\/?page_id=2"},"modified":"2018-05-10T12:34:53","modified_gmt":"2018-05-10T12:34:53","slug":"about","status":"publish","type":"page","link":"https:\/\/linalou.ch\/?page_id=2","title":{"rendered":"LinaLou kreatives f\u00fcr die Welt"},"content":{"rendered":"<p>Hier schreibst du hin wie du die Menschen beg\u00fcssen m\u00f6chtest<\/p>\n","protected":false},"excerpt":{"rendered":"<p>Hier schreibst du hin wie du die Menschen beg\u00fcssen m\u00f6chtest<\/p>\n","protected":false},"author":1,"featured_media":0,"parent":0,"menu_order":0,"comment_status":"open","ping_status":"open","template":"","meta":{"jetpack_post_was_ever_published":false,"footnotes":""},"class_list":["post-2","page","type-page","status-publish","hentry"],"jetpack_sharing_enabled":true,"jetpack_shortlink":"https:\/\/wp.me\/P7urn2-2","_links":{"self":[{"href":"https:\/\/linalou.ch\/index.php?rest_route=\/wp\/v2\/pages\/2","targetHints":{"allow":["GET"]}}],"collection":[{"href":"https:\/\/linalou.ch\/index.php?rest_route=\/wp\/v2\/pages"}],"about":[{"href":"https:\/\/linalou.ch\/index.php?rest_route=\/wp\/v2\/types\/page"}],"author":[{"embeddable":true,"href":"https:\/\/linalou.ch\/index.php?rest_route=\/wp\/v2\/users\/1"}],"replies":[{"embeddable":true,"href":"https:\/\/linalou.ch\/index.php?rest_route=%2Fwp%2Fv2%2Fcomments&post=2"}],"version-history":[{"count":3,"href":"https:\/\/linalou.ch\/index.php?rest_route=\/wp\/v2\/pages\/2\/revisions"}],"predecessor-version":[{"id":60,"href":"https:\/\/linalou.ch\/index.php?rest_route=\/wp\/v2\/pages\/2\/revisions\/60"}],"wp:attachment":[{"href":"https:\/\/linalou.ch\/index.php?rest_route=%2Fwp%2Fv2%2Fmedia&parent=2"}],"curies":[{"name":"wp","href":"https:\/\/api.w.org\/{rel}","templated":true}]}}